{"id":1415,"date":"2016-02-12T07:54:41","date_gmt":"2016-02-12T07:54:41","guid":{"rendered":"http:\/\/demos.famethemes.com\/onepress\/?page_id=4"},"modified":"2025-10-05T18:56:25","modified_gmt":"2025-10-05T16:56:25","slug":"start-2","status":"publish","type":"page","link":"https:\/\/youguru.pl\/","title":{"rendered":"Home"},"content":{"rendered":"","protected":false},"excerpt":{"rendered":"","protected":false},"author":1,"featured_media":2093,"parent":0,"menu_order":0,"comment_status":"closed","ping_status":"closed","template":"template-frontpage.php","meta":{"footnotes":""},"class_list":["post-1415","page","type-page","status-publish","has-post-thumbnail","hentry"],"yoast_head":"<!-- This site is optimized with the Yoast SEO plugin v26.0 - https:\/\/yoast.com\/wordpress\/plugins\/seo\/ -->\n<title>you.Guru - oficjalna strona zespo\u0142u<\/title>\n<meta name=\"description\" content=\"you.Guru to eksperymentalne trio z Bydgoszczy graj\u0105ce muzyk\u0119 transow\u0105 z wykorzystaniem tradycyjnego instrumentarium i elektroniki.\" \/>\n<meta name=\"robots\" content=\"index, follow, max-snippet:-1, max-image-preview:large, max-video-preview:-1\" \/>\n<link rel=\"canonical\" href=\"https:\/\/youguru.pl\/\" \/>\n<meta property=\"og:locale\" content=\"pl_PL\" \/>\n<meta property=\"og:type\" content=\"article\" \/>\n<meta property=\"og:title\" content=\"you.Guru - experimental trance music\" \/>\n<meta property=\"og:description\" content=\"new album UNtouchable on 20\/01\/2023\" \/>\n<meta property=\"og:url\" content=\"https:\/\/youguru.pl\/\" \/>\n<meta property=\"og:site_name\" content=\"youguru.pl\" \/>\n<meta property=\"article:publisher\" content=\"https:\/\/www.facebook.com\/you.Guru.band\" \/>\n<meta property=\"article:modified_time\" content=\"2025-10-05T16:56:25+00:00\" \/>\n<meta property=\"og:image\" content=\"http:\/\/youguru.pl\/wp-content\/uploads\/2022\/12\/you.Guru_.png\" \/>\n\t<meta property=\"og:image:width\" content=\"1440\" \/>\n\t<meta property=\"og:image:height\" content=\"450\" \/>\n\t<meta property=\"og:image:type\" content=\"image\/png\" \/>\n<meta name=\"twitter:card\" content=\"summary_large_image\" \/>\n<meta name=\"twitter:label1\" content=\"Szacowany czas czytania\" \/>\n\t<meta name=\"twitter:data1\" content=\"1 minuta\" \/>\n<script type=\"application\/ld+json\" class=\"yoast-schema-graph\">{\"@context\":\"https:\/\/schema.org\",\"@graph\":[{\"@type\":\"WebPage\",\"@id\":\"https:\/\/youguru.pl\/\",\"url\":\"https:\/\/youguru.pl\/\",\"name\":\"you.Guru - oficjalna strona zespo\u0142u\",\"isPartOf\":{\"@id\":\"https:\/\/youguru.pl\/#website\"},\"primaryImageOfPage\":{\"@id\":\"https:\/\/youguru.pl\/#primaryimage\"},\"image\":{\"@id\":\"https:\/\/youguru.pl\/#primaryimage\"},\"thumbnailUrl\":\"https:\/\/youguru.pl\/wp-content\/uploads\/2024\/10\/kobiety-head.jpg\",\"datePublished\":\"2016-02-12T07:54:41+00:00\",\"dateModified\":\"2025-10-05T16:56:25+00:00\",\"description\":\"you.Guru to eksperymentalne trio z Bydgoszczy graj\u0105ce muzyk\u0119 transow\u0105 z wykorzystaniem tradycyjnego instrumentarium i elektroniki.\",\"breadcrumb\":{\"@id\":\"https:\/\/youguru.pl\/#breadcrumb\"},\"inLanguage\":\"pl-PL\",\"potentialAction\":[{\"@type\":\"ReadAction\",\"target\":[\"https:\/\/youguru.pl\/\"]}]},{\"@type\":\"ImageObject\",\"inLanguage\":\"pl-PL\",\"@id\":\"https:\/\/youguru.pl\/#primaryimage\",\"url\":\"https:\/\/youguru.pl\/wp-content\/uploads\/2024\/10\/kobiety-head.jpg\",\"contentUrl\":\"https:\/\/youguru.pl\/wp-content\/uploads\/2024\/10\/kobiety-head.jpg\",\"width\":1440,\"height\":656},{\"@type\":\"BreadcrumbList\",\"@id\":\"https:\/\/youguru.pl\/#breadcrumb\",\"itemListElement\":[{\"@type\":\"ListItem\",\"position\":1,\"name\":\"Strona g\u0142\u00f3wna\",\"item\":\"https:\/\/youguru.pl\/\"},{\"@type\":\"ListItem\",\"position\":2,\"name\":\"Home\"}]},{\"@type\":\"WebSite\",\"@id\":\"https:\/\/youguru.pl\/#website\",\"url\":\"https:\/\/youguru.pl\/\",\"name\":\"youguru.pl\",\"description\":\"experimental trance music\",\"publisher\":{\"@id\":\"https:\/\/youguru.pl\/#organization\"},\"potentialAction\":[{\"@type\":\"SearchAction\",\"target\":{\"@type\":\"EntryPoint\",\"urlTemplate\":\"https:\/\/youguru.pl\/?s={search_term_string}\"},\"query-input\":{\"@type\":\"PropertyValueSpecification\",\"valueRequired\":true,\"valueName\":\"search_term_string\"}}],\"inLanguage\":\"pl-PL\"},{\"@type\":\"Organization\",\"@id\":\"https:\/\/youguru.pl\/#organization\",\"name\":\"youguru.pl\",\"url\":\"https:\/\/youguru.pl\/\",\"logo\":{\"@type\":\"ImageObject\",\"inLanguage\":\"pl-PL\",\"@id\":\"https:\/\/youguru.pl\/#\/schema\/logo\/image\/\",\"url\":\"http:\/\/youguru.pl\/wp-content\/uploads\/2022\/01\/cropped-you.Guru-font-napis2b.jpg\",\"contentUrl\":\"http:\/\/youguru.pl\/wp-content\/uploads\/2022\/01\/cropped-you.Guru-font-napis2b.jpg\",\"width\":973,\"height\":219,\"caption\":\"youguru.pl\"},\"image\":{\"@id\":\"https:\/\/youguru.pl\/#\/schema\/logo\/image\/\"},\"sameAs\":[\"https:\/\/www.facebook.com\/you.Guru.band\",\"https:\/\/www.instagram.com\/you.guru_band\"]}]}<\/script>\n<!-- \/ Yoast SEO plugin. -->","yoast_head_json":{"title":"you.Guru - oficjalna strona zespo\u0142u","description":"you.Guru to eksperymentalne trio z Bydgoszczy graj\u0105ce muzyk\u0119 transow\u0105 z wykorzystaniem tradycyjnego instrumentarium i elektroniki.","robots":{"index":"index","follow":"follow","max-snippet":"max-snippet:-1","max-image-preview":"max-image-preview:large","max-video-preview":"max-video-preview:-1"},"canonical":"https:\/\/youguru.pl\/","og_locale":"pl_PL","og_type":"article","og_title":"you.Guru - experimental trance music","og_description":"new album UNtouchable on 20\/01\/2023","og_url":"https:\/\/youguru.pl\/","og_site_name":"youguru.pl","article_publisher":"https:\/\/www.facebook.com\/you.Guru.band","article_modified_time":"2025-10-05T16:56:25+00:00","og_image":[{"width":1440,"height":450,"url":"http:\/\/youguru.pl\/wp-content\/uploads\/2022\/12\/you.Guru_.png","type":"image\/png"}],"twitter_card":"summary_large_image","twitter_misc":{"Szacowany czas czytania":"1 minuta"},"schema":{"@context":"https:\/\/schema.org","@graph":[{"@type":"WebPage","@id":"https:\/\/youguru.pl\/","url":"https:\/\/youguru.pl\/","name":"you.Guru - oficjalna strona zespo\u0142u","isPartOf":{"@id":"https:\/\/youguru.pl\/#website"},"primaryImageOfPage":{"@id":"https:\/\/youguru.pl\/#primaryimage"},"image":{"@id":"https:\/\/youguru.pl\/#primaryimage"},"thumbnailUrl":"https:\/\/youguru.pl\/wp-content\/uploads\/2024\/10\/kobiety-head.jpg","datePublished":"2016-02-12T07:54:41+00:00","dateModified":"2025-10-05T16:56:25+00:00","description":"you.Guru to eksperymentalne trio z Bydgoszczy graj\u0105ce muzyk\u0119 transow\u0105 z wykorzystaniem tradycyjnego instrumentarium i elektroniki.","breadcrumb":{"@id":"https:\/\/youguru.pl\/#breadcrumb"},"inLanguage":"pl-PL","potentialAction":[{"@type":"ReadAction","target":["https:\/\/youguru.pl\/"]}]},{"@type":"ImageObject","inLanguage":"pl-PL","@id":"https:\/\/youguru.pl\/#primaryimage","url":"https:\/\/youguru.pl\/wp-content\/uploads\/2024\/10\/kobiety-head.jpg","contentUrl":"https:\/\/youguru.pl\/wp-content\/uploads\/2024\/10\/kobiety-head.jpg","width":1440,"height":656},{"@type":"BreadcrumbList","@id":"https:\/\/youguru.pl\/#breadcrumb","itemListElement":[{"@type":"ListItem","position":1,"name":"Strona g\u0142\u00f3wna","item":"https:\/\/youguru.pl\/"},{"@type":"ListItem","position":2,"name":"Home"}]},{"@type":"WebSite","@id":"https:\/\/youguru.pl\/#website","url":"https:\/\/youguru.pl\/","name":"youguru.pl","description":"experimental trance music","publisher":{"@id":"https:\/\/youguru.pl\/#organization"},"potentialAction":[{"@type":"SearchAction","target":{"@type":"EntryPoint","urlTemplate":"https:\/\/youguru.pl\/?s={search_term_string}"},"query-input":{"@type":"PropertyValueSpecification","valueRequired":true,"valueName":"search_term_string"}}],"inLanguage":"pl-PL"},{"@type":"Organization","@id":"https:\/\/youguru.pl\/#organization","name":"youguru.pl","url":"https:\/\/youguru.pl\/","logo":{"@type":"ImageObject","inLanguage":"pl-PL","@id":"https:\/\/youguru.pl\/#\/schema\/logo\/image\/","url":"http:\/\/youguru.pl\/wp-content\/uploads\/2022\/01\/cropped-you.Guru-font-napis2b.jpg","contentUrl":"http:\/\/youguru.pl\/wp-content\/uploads\/2022\/01\/cropped-you.Guru-font-napis2b.jpg","width":973,"height":219,"caption":"youguru.pl"},"image":{"@id":"https:\/\/youguru.pl\/#\/schema\/logo\/image\/"},"sameAs":["https:\/\/www.facebook.com\/you.Guru.band","https:\/\/www.instagram.com\/you.guru_band"]}]}},"_links":{"self":[{"href":"https:\/\/youguru.pl\/index.php?rest_route=\/wp\/v2\/pages\/1415","targetHints":{"allow":["GET"]}}],"collection":[{"href":"https:\/\/youguru.pl\/index.php?rest_route=\/wp\/v2\/pages"}],"about":[{"href":"https:\/\/youguru.pl\/index.php?rest_route=\/wp\/v2\/types\/page"}],"author":[{"embeddable":true,"href":"https:\/\/youguru.pl\/index.php?rest_route=\/wp\/v2\/users\/1"}],"replies":[{"embeddable":true,"href":"https:\/\/youguru.pl\/index.php?rest_route=%2Fwp%2Fv2%2Fcomments&post=1415"}],"version-history":[{"count":1,"href":"https:\/\/youguru.pl\/index.php?rest_route=\/wp\/v2\/pages\/1415\/revisions"}],"predecessor-version":[{"id":1931,"href":"https:\/\/youguru.pl\/index.php?rest_route=\/wp\/v2\/pages\/1415\/revisions\/1931"}],"wp:featuredmedia":[{"embeddable":true,"href":"https:\/\/youguru.pl\/index.php?rest_route=\/wp\/v2\/media\/2093"}],"wp:attachment":[{"href":"https:\/\/youguru.pl\/index.php?rest_route=%2Fwp%2Fv2%2Fmedia&parent=1415"}],"curies":[{"name":"wp","href":"https:\/\/api.w.org\/{rel}","templated":true}]}}